{"id":22,"date":"2013-07-24T20:45:23","date_gmt":"2013-07-24T18:45:23","guid":{"rendered":"http:\/\/hegering-diepholz.de\/?page_id=22"},"modified":"2022-07-26T10:43:50","modified_gmt":"2022-07-26T08:43:50","slug":"blasergruppe","status":"publish","type":"page","link":"https:\/\/hegering-diepholz.de\/?page_id=22","title":{"rendered":"Bl\u00e4sergruppe"},"content":{"rendered":"<h1>Bl\u00e4sergruppe Diepholz &#8211; Cornau<\/h1>\n<p><a href=\"https:\/\/hegering-diepholz.de\/wp-content\/uploads\/2013\/07\/Blaesergruppe_klein.jpg\"><img loading=\"lazy\" decoding=\"async\" class=\"alignnone size-medium wp-image-25\" src=\"https:\/\/hegering-diepholz.de\/wp-content\/uploads\/2013\/07\/Blaesergruppe_klein-300x124.jpg\" alt=\"Blaesergruppe\" width=\"300\" height=\"124\" srcset=\"https:\/\/hegering-diepholz.de\/wp-content\/uploads\/2013\/07\/Blaesergruppe_klein-300x124.jpg 300w, https:\/\/hegering-diepholz.de\/wp-content\/uploads\/2013\/07\/Blaesergruppe_klein-500x206.jpg 500w, https:\/\/hegering-diepholz.de\/wp-content\/uploads\/2013\/07\/Blaesergruppe_klein.jpg 600w\" sizes=\"auto, (max-width: 300px) 100vw, 300px\" \/><\/a><\/p>\n<p>Unsere Bl\u00e4sergruppe besteht aus ca.\u00a0<b>30\u00a0<\/b>Jagdhornbl\u00e4sern aus den Hegeringen Diepholz und Cornau.<br \/>\nWir sind eine gemischte Gruppe und blasen F\u00fcrst-Bless-H\u00f6rner und Parforceh\u00f6rner.<br \/>\nDie Gruppe wird geleitet von Philipp Schr\u00f6der.<\/p>\n<p>\u00dcbungsabend ist jeden Donnerstag ab 19:30 Uhr in der Gastst\u00e4tte Halfbrodt in Drebber.<\/p>\n<p>Interessierte J\u00e4ger, aber auch Nichtj\u00e4ger, die das Jagdhornblasen erlernen m\u00f6chten, sind herzlich willkommen.<\/p>\n","protected":false},"excerpt":{"rendered":"<p>Bl\u00e4sergruppe Diepholz &#8211; Cornau Unsere Bl\u00e4sergruppe besteht aus ca.\u00a030\u00a0Jagdhornbl\u00e4sern aus den Hegeringen Diepholz und Cornau. Wir sind eine gemischte Gruppe und blasen F\u00fcrst-Bless-H\u00f6rner und Parforceh\u00f6rner. Die Gruppe wird geleitet von Philipp Schr\u00f6der. \u00dcbungsabend ist jeden Donnerstag ab 19:30 Uhr in &hellip; <a class=\"more-link\" href=\"https:\/\/hegering-diepholz.de\/?page_id=22\">Weiterlesen <span class=\"meta-nav\">&rarr;<\/span><\/a><\/p>\n","protected":false},"author":1,"featured_media":0,"parent":0,"menu_order":0,"comment_status":"closed","ping_status":"closed","template":"","meta":{"footnotes":""},"class_list":["post-22","page","type-page","status-publish","hentry"],"_links":{"self":[{"href":"https:\/\/hegering-diepholz.de\/index.php?rest_route=\/wp\/v2\/pages\/22","targetHints":{"allow":["GET"]}}],"collection":[{"href":"https:\/\/hegering-diepholz.de\/index.php?rest_route=\/wp\/v2\/pages"}],"about":[{"href":"https:\/\/hegering-diepholz.de\/index.php?rest_route=\/wp\/v2\/types\/page"}],"author":[{"embeddable":true,"href":"https:\/\/hegering-diepholz.de\/index.php?rest_route=\/wp\/v2\/users\/1"}],"replies":[{"embeddable":true,"href":"https:\/\/hegering-diepholz.de\/index.php?rest_route=%2Fwp%2Fv2%2Fcomments&post=22"}],"version-history":[{"count":6,"href":"https:\/\/hegering-diepholz.de\/index.php?rest_route=\/wp\/v2\/pages\/22\/revisions"}],"predecessor-version":[{"id":223,"href":"https:\/\/hegering-diepholz.de\/index.php?rest_route=\/wp\/v2\/pages\/22\/revisions\/223"}],"wp:attachment":[{"href":"https:\/\/hegering-diepholz.de\/index.php?rest_route=%2Fwp%2Fv2%2Fmedia&parent=22"}],"curies":[{"name":"wp","href":"https:\/\/api.w.org\/{rel}","templated":true}]}}