{"id":47,"date":"2013-07-25T18:47:04","date_gmt":"2013-07-25T16:47:04","guid":{"rendered":"http:\/\/hegering-diepholz.de\/?page_id=47"},"modified":"2020-08-22T19:44:08","modified_gmt":"2020-08-22T17:44:08","slug":"impressum","status":"publish","type":"page","link":"https:\/\/hegering-diepholz.de\/?page_id=47","title":{"rendered":"Impressum"},"content":{"rendered":"<div>\n<h1>Hegering Diepholz<br \/>\nin der J\u00e4gerschaft Grafschaft Diepholz e.V.<\/h1>\n<p><em><strong>Vorsitzender<\/strong><\/em><br \/>\nThorsten Grothe<br \/>\nL\u00f6nsweg 14<br \/>\n49356 Diepholz<br \/>\nTel.: 05441 3770<br \/>\nthorsten.grothe(at)online.de<\/p>\n<p><strong><em>Webmaster<\/em><\/strong><br \/>\nKlaus Bookhoop<br \/>\nLange Wand 1<br \/>\n49356 Diepholz<br \/>\nTel.: 05441 81702<br \/>\nwebmaster(at)hegering-diepholz.de<\/p>\n<h3>Rechtliche Hinweise<\/h3>\n<p><strong>Haftung f\u00fcr Inhalte<\/strong><br \/>\nDie Inhalte unserer Seiten wurden mit gr\u00f6\u00dfter Sorgfalt erstellt. F\u00fcr die Richtigkeit, Vollst\u00e4ndigkeit und Aktualit\u00e4t der Inhalte k\u00f6nnen wir jedoch keine Gew\u00e4hr \u00fcbernehmen. Gem\u00e4\u00df \u00a7 7 Abs.1 Telemediengesetz (TMG) sind wir f\u00fcr eigene Inhalte auf diesen Seiten nach den allgemeinen Gesetzen verantwortlich. Nach \u00a7\u00a7 8 bis 10 TMG sind wir jedoch nicht verpflichtet, \u00fcbermittelte oder gespeicherte fremde Informationen zu \u00fcberwachen oder nach Umst\u00e4nden zu forschen, die auf eine rechtswidrige T\u00e4tigkeit hinweisen. Verpflichtungen zur Entfernung oder Sperrung der Nutzung von Informationen nach den allgemeinen Gesetzen bleiben hiervon unber\u00fchrt. Eine diesbez\u00fcgliche Haftung ist jedoch erst ab dem Zeitpunkt der Kenntnis einer konkreten Rechtsverletzung m\u00f6glich. Bei Bekanntwerden von entsprechenden Rechtsverletzungen werden wir diese Inhalte umgehend entfernen.<\/p>\n<p><strong>Haftung f\u00fcr Links<\/strong><br \/>\nUnsere Website enth\u00e4lt Links zu externen Webseiten Dritter, auf deren Inhalte wir keinen Einfluss haben. Deshalb k\u00f6nnen wir f\u00fcr diese fremden Inhalte auch keine Gew\u00e4hr \u00fcbernehmen. F\u00fcr die Inhalte der verlinkten Seiten ist stets der jeweilige Anbieter oder Betreiber der Seiten verantwortlich. Die verlinkten Seiten wurden zum Zeitpunkt der Verlinkung auf m\u00f6gliche Rechtsverst\u00f6\u00dfe \u00fcberpr\u00fcft. Rechtswidrige Inhalte waren zum Zeitpunkt der Verlinkung nicht erkennbar. Eine permanente inhaltliche Kontrolle der verlinkten Seiten ist jedoch ohne konkrete Anhaltspunkte einer Rechtsverletzung nicht zumutbar. Bei Bekanntwerden von Rechtsverletzungen werden wir derartige Links umgehend entfernen.<\/p>\n<p><strong>Urheberrecht<\/strong><br \/>\nDie Inhalte und Werke auf diesen Seiten unterliegen dem deutschen Urheberrecht. Die Vervielf\u00e4ltigung, Bearbeitung, Verbreitung und jede Art der Verwertung au\u00dferhalb der Grenzen des Urheberrechtes bed\u00fcrfen der schriftlichen Zustimmung des jeweiligen Autors bzw. Erstellers. Downloads und Kopien dieser Seite sind nur f\u00fcr den privaten, nicht kommerziellen Gebrauch gestattet. Soweit die Inhalte auf dieser Seite nicht von uns erstellt wurden, werden die Urheberrechte Dritter beachtet. Insbesondere werden Inhalte Dritter als solche gekennzeichnet. Sollten Sie trotzdem auf eine Urheberrechtsverletzung aufmerksam werden, bitten wir um einen entsprechenden Hinweis. Bei Bekanntwerden von Rechtsverletzungen werden wir derartige Inhalte umgehend entfernen.<\/p>\n<p><strong>Datenschutz<\/strong><br \/>\nDie Nutzung unserer Webseite ist in der Regel ohne Angabe personenbezogener Daten m\u00f6glich. Soweit auf unseren Seiten personenbezogene Daten (beispielsweise Name, Anschrift oder eMail-Adressen) erhoben werden, erfolgt dies, soweit m\u00f6glich, stets auf freiwilliger Basis. Diese Daten werden ohne Ihre ausdr\u00fcckliche Zustimmung nicht an Dritte weitergegeben.<br \/>\nWir weisen darauf hin, dass die Daten\u00fcbertragung im Internet (z. B. bei der Kommunikation per E-Mail) Sicherheitsl\u00fccken aufweisen kann. Ein l\u00fcckenloser Schutz der Daten vor dem Zugriff durch Dritte ist nicht m\u00f6glich.<br \/>\nDer Nutzung von im Rahmen der Impressumspflicht ver\u00f6ffentlichten Kontaktdaten durch Dritte zur \u00dcbersendung von nicht ausdr\u00fccklich angeforderter Werbung und Informationsmaterialien wird hiermit ausdr\u00fccklich widersprochen. Die Betreiber der Seiten behalten sich ausdr\u00fccklich rechtliche Schritte im Falle der unverlangten Zusendung von Werbeinformationen, etwa durch Spam-Mails, vor.<\/p>\n<\/div>\n","protected":false},"excerpt":{"rendered":"<p>Hegering Diepholz in der J\u00e4gerschaft Grafschaft Diepholz e.V. Vorsitzender Thorsten Grothe L\u00f6nsweg 14 49356 Diepholz Tel.: 05441 3770 thorsten.grothe(at)online.de Webmaster Klaus Bookhoop Lange Wand 1 49356 Diepholz Tel.: 05441 81702 webmaster(at)hegering-diepholz.de Rechtliche Hinweise Haftung f\u00fcr Inhalte Die Inhalte unserer Seiten &hellip; <a class=\"more-link\" href=\"https:\/\/hegering-diepholz.de\/?page_id=47\">Weiterlesen <span class=\"meta-nav\">&rarr;<\/span><\/a><\/p>\n","protected":false},"author":1,"featured_media":0,"parent":0,"menu_order":0,"comment_status":"closed","ping_status":"closed","template":"","meta":{"footnotes":""},"class_list":["post-47","page","type-page","status-publish","hentry"],"_links":{"self":[{"href":"https:\/\/hegering-diepholz.de\/index.php?rest_route=\/wp\/v2\/pages\/47","targetHints":{"allow":["GET"]}}],"collection":[{"href":"https:\/\/hegering-diepholz.de\/index.php?rest_route=\/wp\/v2\/pages"}],"about":[{"href":"https:\/\/hegering-diepholz.de\/index.php?rest_route=\/wp\/v2\/types\/page"}],"author":[{"embeddable":true,"href":"https:\/\/hegering-diepholz.de\/index.php?rest_route=\/wp\/v2\/users\/1"}],"replies":[{"embeddable":true,"href":"https:\/\/hegering-diepholz.de\/index.php?rest_route=%2Fwp%2Fv2%2Fcomments&post=47"}],"version-history":[{"count":4,"href":"https:\/\/hegering-diepholz.de\/index.php?rest_route=\/wp\/v2\/pages\/47\/revisions"}],"predecessor-version":[{"id":217,"href":"https:\/\/hegering-diepholz.de\/index.php?rest_route=\/wp\/v2\/pages\/47\/revisions\/217"}],"wp:attachment":[{"href":"https:\/\/hegering-diepholz.de\/index.php?rest_route=%2Fwp%2Fv2%2Fmedia&parent=47"}],"curies":[{"name":"wp","href":"https:\/\/api.w.org\/{rel}","templated":true}]}}