{"id":9,"date":"2013-07-24T20:26:42","date_gmt":"2013-07-24T18:26:42","guid":{"rendered":"http:\/\/hegering-diepholz.de\/?page_id=9"},"modified":"2016-11-12T18:14:47","modified_gmt":"2016-11-12T16:14:47","slug":"willkommen","status":"publish","type":"page","link":"https:\/\/hegering-diepholz.de\/","title":{"rendered":"Home"},"content":{"rendered":"<p>Wir begr\u00fc\u00dfen Sie auf unserer Homepage<br \/>\nund w\u00fcnschen viel Spa\u00df beim durchst\u00f6bern unserer Seiten!<\/p>\n<p>Unsere n\u00e4chsten Termine:<br \/>\n<iframe loading=\"lazy\" style=\"border-width: 0;\" src=\"https:\/\/www.google.com\/calendar\/embed?showCalendars=0&amp;mode=AGENDA&amp;height=300&amp;wkst=2&amp;bgcolor=%23FFFFFF&amp;src=2nc8nash598bhfccg4r4n1pcj0%40group.calendar.google.com&amp;color=%23875509&amp;ctz=Europe%2FBerlin\" width=\"600\" height=\"300\" frameborder=\"0\" scrolling=\"no\"><\/iframe><\/p>\n","protected":false},"excerpt":{"rendered":"<p>Wir begr\u00fc\u00dfen Sie auf unserer Homepage und w\u00fcnschen viel Spa\u00df beim durchst\u00f6bern unserer Seiten! Unsere n\u00e4chsten Termine: &hellip; <a class=\"more-link\" href=\"https:\/\/hegering-diepholz.de\/\">Weiterlesen <span class=\"meta-nav\">&rarr;<\/span><\/a><\/p>\n","protected":false},"author":1,"featured_media":0,"parent":0,"menu_order":0,"comment_status":"closed","ping_status":"closed","template":"","meta":{"footnotes":""},"class_list":["post-9","page","type-page","status-publish","hentry"],"_links":{"self":[{"href":"https:\/\/hegering-diepholz.de\/index.php?rest_route=\/wp\/v2\/pages\/9","targetHints":{"allow":["GET"]}}],"collection":[{"href":"https:\/\/hegering-diepholz.de\/index.php?rest_route=\/wp\/v2\/pages"}],"about":[{"href":"https:\/\/hegering-diepholz.de\/index.php?rest_route=\/wp\/v2\/types\/page"}],"author":[{"embeddable":true,"href":"https:\/\/hegering-diepholz.de\/index.php?rest_route=\/wp\/v2\/users\/1"}],"replies":[{"embeddable":true,"href":"https:\/\/hegering-diepholz.de\/index.php?rest_route=%2Fwp%2Fv2%2Fcomments&post=9"}],"version-history":[{"count":22,"href":"https:\/\/hegering-diepholz.de\/index.php?rest_route=\/wp\/v2\/pages\/9\/revisions"}],"predecessor-version":[{"id":206,"href":"https:\/\/hegering-diepholz.de\/index.php?rest_route=\/wp\/v2\/pages\/9\/revisions\/206"}],"wp:attachment":[{"href":"https:\/\/hegering-diepholz.de\/index.php?rest_route=%2Fwp%2Fv2%2Fmedia&parent=9"}],"curies":[{"name":"wp","href":"https:\/\/api.w.org\/{rel}","templated":true}]}}